{"id":64,"date":"2019-12-12T13:34:54","date_gmt":"2019-12-12T12:34:54","guid":{"rendered":"http:\/\/hdj.annasbnb.ch\/?page_id=64"},"modified":"2020-02-02T13:04:21","modified_gmt":"2020-02-02T12:04:21","slug":"ueber-uns","status":"publish","type":"page","link":"https:\/\/hausderjugend.ch\/fr\/ueber-uns\/","title":{"rendered":"A notre sujet"},"content":{"rendered":"<h2>A notre sujet<\/h2>\n<p>La Maison de la jeunesse \u00e0 Schwarzsee a \u00e9t\u00e9 construite en 1968 \u00e0 l&#8217;initiative de la jeunesse de la r\u00e9gion al\u00e9manique du canton de Fribourg (JUBLA \/ Jungmannschaft). Elle appartient \u00e0 l&#8217;association Ferienheim St-Josef dont le si\u00e8ge est \u00e0 Tafers. La maison est situ\u00e9e dans le plus bel endroit de Schwarzsee.<\/p>\n<p>La maison est constamment adapt\u00e9e aux besoins des h\u00f4tes et est maintenue \u00e0 un tr\u00e8s bon niveau. Les terrains de sport ont \u00e9t\u00e9 r\u00e9am\u00e9nag\u00e9s. Notre maison de colonie dispose d&#8217;une cuisine moderne et tr\u00e8s bien \u00e9quip\u00e9e avec un four mixte et un lave-vaisselle industriel.<\/p>\n<p>Nous vous offrons une infrastructure \u00e9tendue \u00e0 des prix extr\u00eamement int\u00e9ressants. Cela peut \u00eatre atteint gr\u00e2ce \u00e0 une tr\u00e8s haute occupation pendant l&#8217;ann\u00e9e&nbsp; et \u00e0 l&#8217;engagement volontaire du conseil d&#8217;administration.<\/p>\n<h2>Et\u00e9<\/h2>\n<p>Nombreuses activit\u00e9s estivales:<\/p>\n<ul>\n<li>location de bateaux et cano\u00eb<\/li>\n<li>baignades<\/li>\n<li>SUP<\/li>\n<li>P\u00eache<\/li>\n<li>Minigolf<\/li>\n<li>Parapente<\/li>\n<li>trotinette g\u00e9ante<\/li>\n<li>VTT<\/li>\n<li>luge d&#8217;\u00e9t\u00e9<\/li>\n<li>randonner<\/li>\n<li>escalader<\/li>\n<\/ul>\n<p>\t\t\t\t\t\t\t\t\t\t<img decoding=\"async\" width=\"150\" height=\"150\" src=\"https:\/\/hausderjugend.ch\/wp-content\/uploads\/2019\/12\/sommer1-150x150.jpg\" alt=\"\" srcset=\"https:\/\/hausderjugend.ch\/wp-content\/uploads\/2019\/12\/sommer1-150x150.jpg 150w, https:\/\/hausderjugend.ch\/wp-content\/uploads\/2019\/12\/sommer1-100x100.jpg 100w\" sizes=\"(max-width: 150px) 100vw, 150px\" \/><br \/>\n\t\t\t\t\t\t\t\t\t\t<img decoding=\"async\" width=\"150\" height=\"150\" src=\"https:\/\/hausderjugend.ch\/wp-content\/uploads\/2019\/12\/sommer2-150x150.jpg\" alt=\"\" srcset=\"https:\/\/hausderjugend.ch\/wp-content\/uploads\/2019\/12\/sommer2-150x150.jpg 150w, https:\/\/hausderjugend.ch\/wp-content\/uploads\/2019\/12\/sommer2-300x300.jpg 300w, https:\/\/hausderjugend.ch\/wp-content\/uploads\/2019\/12\/sommer2-100x100.jpg 100w, https:\/\/hausderjugend.ch\/wp-content\/uploads\/2019\/12\/sommer2.jpg 307w\" sizes=\"(max-width: 150px) 100vw, 150px\" \/><br \/>\n\t\t\t\t\t\t\t\t\t\t<img decoding=\"async\" width=\"150\" height=\"150\" src=\"https:\/\/hausderjugend.ch\/wp-content\/uploads\/2019\/12\/sommer3-150x150.jpg\" alt=\"\" srcset=\"https:\/\/hausderjugend.ch\/wp-content\/uploads\/2019\/12\/sommer3-150x150.jpg 150w, https:\/\/hausderjugend.ch\/wp-content\/uploads\/2019\/12\/sommer3-100x100.jpg 100w\" sizes=\"(max-width: 150px) 100vw, 150px\" \/>\t\t\t\t\t\t\t\t\t\t\t<\/p>\n<h2>Hiver<\/h2>\n<p>Sports d&#8217;hiver:<\/p>\n<ul>\n<li>pistes de ski pour tous les niveaux<\/li>\n<li>t\u00e9l\u00e9si\u00e8ges vers le Riggisalp et le Kaiseregg<\/li>\n<li>\u00e9cole de ski<\/li>\n<li>raquettes \u00e0 neige<\/li>\n<li>\u00a0ski de fond<\/li>\n<li>patinoire artificielle <\/li>\n<li>Les palais de glace<\/li>\n<li>Ski nocturne<\/li>\n<li>luge nocturne<\/li>\n<\/ul>\n<p><em>\u00a0<\/em><\/p>\n<p>\t\t\t\t\t\t\t\t\t\t<img loading=\"lazy\" decoding=\"async\" width=\"210\" height=\"100\" src=\"https:\/\/hausderjugend.ch\/wp-content\/uploads\/2019\/12\/winter1.jpg\" alt=\"\" \/><br \/>\n\t\t\t\t\t\t\t\t\t\t<img loading=\"lazy\" decoding=\"async\" width=\"210\" height=\"100\" src=\"https:\/\/hausderjugend.ch\/wp-content\/uploads\/2019\/12\/winter2.jpg\" alt=\"\" \/>\t\t\t\t\t\t\t\t\t\t\t<\/p>\n<p>Voir aussi <a href=\"https:\/\/www.kaisereggbahnen-schwarzsee.ch\/\" target=\"_blank\" rel=\"noopener noreferrer\">Kaisereggbahnen<\/a> Schwarzsee<\/p>\n<h2>Excursions<\/h2>\n<p>Destinations d&#8217;excursions populaires:<\/p>\n<ul>\n<li>Fribourg<\/li>\n<li>Gruy\u00e8res<\/li>\n<li>Broc<\/li>\n<li>Morat<\/li>\n<\/ul>\n<p>\t\t\t\t\t\t\t\t\t\t<img decoding=\"async\" src=\"http:\/\/hdj.annasbnb.ch\/wp-content\/uploads\/2019\/12\/home-house_1.jpg\" title=\"\" alt=\"\" \/><\/p>\n","protected":false},"excerpt":{"rendered":"<p>A notre sujet La Maison de la jeunesse \u00e0 Schwarzsee a \u00e9t\u00e9 construite en 1968 \u00e0 l&#8217;initiative de la jeunesse de la r\u00e9gion al\u00e9manique du canton de Fribourg (JUBLA \/ Jungmannschaft). Elle appartient \u00e0 l&#8217;association Ferienheim St-Josef dont le si\u00e8ge est \u00e0 Tafers. La maison est situ\u00e9e dans le plus bel endroit de Schwarzsee. La [&hellip;]<\/p>\n","protected":false},"author":3,"featured_media":0,"parent":0,"menu_order":0,"comment_status":"closed","ping_status":"closed","template":"elementor_header_footer","meta":{"footnotes":""},"class_list":["post-64","page","type-page","status-publish","hentry","post"],"translation":{"provider":"WPGlobus","version":"3.0.0","language":"fr","enabled_languages":["de","fr"],"languages":{"de":{"title":true,"content":true,"excerpt":false},"fr":{"title":true,"content":true,"excerpt":false}}},"_links":{"self":[{"href":"https:\/\/hausderjugend.ch\/fr\/wp-json\/wp\/v2\/pages\/64","targetHints":{"allow":["GET"]}}],"collection":[{"href":"https:\/\/hausderjugend.ch\/fr\/wp-json\/wp\/v2\/pages"}],"about":[{"href":"https:\/\/hausderjugend.ch\/fr\/wp-json\/wp\/v2\/types\/page"}],"author":[{"embeddable":true,"href":"https:\/\/hausderjugend.ch\/fr\/wp-json\/wp\/v2\/users\/3"}],"replies":[{"embeddable":true,"href":"https:\/\/hausderjugend.ch\/fr\/wp-json\/wp\/v2\/comments?post=64"}],"version-history":[{"count":48,"href":"https:\/\/hausderjugend.ch\/fr\/wp-json\/wp\/v2\/pages\/64\/revisions"}],"predecessor-version":[{"id":671,"href":"https:\/\/hausderjugend.ch\/fr\/wp-json\/wp\/v2\/pages\/64\/revisions\/671"}],"wp:attachment":[{"href":"https:\/\/hausderjugend.ch\/fr\/wp-json\/wp\/v2\/media?parent=64"}],"curies":[{"name":"wp","href":"https:\/\/api.w.org\/{rel}","templated":true}]}}