{"id":66,"date":"2019-12-12T13:35:19","date_gmt":"2019-12-12T12:35:19","guid":{"rendered":"http:\/\/hdj.annasbnb.ch\/?page_id=66"},"modified":"2024-11-08T11:28:10","modified_gmt":"2024-11-08T10:28:10","slug":"infrastruktur","status":"publish","type":"page","link":"https:\/\/hausderjugend.ch\/fr\/infrastruktur\/","title":{"rendered":"Infrastructure"},"content":{"rendered":"<h1>Installations int\u00e9rieures<\/h1>\n<ul>\n<li>24 chambres avec un total de 98 lits<\/li>\n<li>1 grande salle 120m2 (r\u00e9fectoire) avec installation multim\u00e9dia, beamer, Wifi<\/li>\n<li>1 salle de s\u00e9jour 85 m2<\/li>\n<li>1 espace de pr\u00e9paration (chambre avec 10 lits et 2 tables)<\/li>\n<li>salle de jeux avec baby-foot<\/li>\n<li>bureau<\/li>\n<li>douches et installations sanitaires s\u00e9par\u00e9es<\/li>\n<li>vestiaires<\/li>\n<li>local de s\u00e9chage avec Secomat<\/li>\n<li>cuisine compl\u00e8tement \u00e9quip\u00e9e, combi-steamer, bouilloire, po\u00eale \u00e0 frire basculante, r\u00e9frig\u00e9rateur, cong\u00e9lateur, monte-plats<\/li>\n<\/ul>\n<table style=\"width: 210px;\">\n<tbody>\n<tr>\n<th colspan=\"3\">b\u00e2timent principal 1er \u00e9tage:<\/th>\n<\/tr>\n<tr>\n<td style=\"width: 100px;\">1 x 2 personnes<\/td>\n<td style=\"width: 10px;\">:<\/td>\n<td>2 lits<\/td>\n<\/tr>\n<tr>\n<td>6 x 4 personnes<\/td>\n<td>:<\/td>\n<td>24 lits<\/td>\n<\/tr>\n<tr>\n<td>2 x 6 personnes<\/td>\n<td>:<\/td>\n<td>12 lits<\/td>\n<\/tr>\n<\/tbody>\n<\/table>\n<table style=\"width: 210px;\">\n<tbody>\n<tr>\n<th colspan=\"3\">b\u00e2timent principal 2\u00e8me \u00e9tage:<\/th>\n<\/tr>\n<tr>\n<td style=\"width: 100px;\">1 x 2 personnes<\/td>\n<td style=\"width: 10px;\">:<\/td>\n<td>2 lits<\/td>\n<\/tr>\n<tr>\n<td>6 x 4 personnes<\/td>\n<td>:<\/td>\n<td>24 lits<\/td>\n<\/tr>\n<tr>\n<td>2 x 6 personnes<\/td>\n<td>:<\/td>\n<td>12 lits<\/td>\n<\/tr>\n<\/tbody>\n<\/table>\n<table style=\"width: 210px;\">\n<tbody>\n<tr>\n<th colspan=\"3\">pavillon moniteurs:<\/th>\n<\/tr>\n<tr>\n<td style=\"width: 100px;\">4 x 2 personnes<\/td>\n<td style=\"width: 10px;\">:<\/td>\n<td>8 lits<\/td>\n<\/tr>\n<tr>\n<td>1 x 4 personnes<\/td>\n<td>:<\/td>\n<td>4 lits<\/td>\n<\/tr>\n<tr>\n<td>1 x 10 personnes<\/td>\n<td>:<\/td>\n<td>10 lits<\/td>\n<\/tr>\n<\/tbody>\n<\/table>\n<p>\t\t\t<a href=\"https:\/\/new.hausderjugend.ch\/grundrissplan\/\"><br \/>\n\t\t\t\t\t\t<\/a><\/p>\n<h2><a href=\"https:\/\/hausderjugend.ch\/fr\/grundrissplan\/\">plan d&#8217;\u00e9tage<\/a><\/h2>\n<h1>Installations ext\u00e9rieures<\/h1>\n<ul>\n<li>place de jeux asphalt\u00e9e pour basketball et volleyball<\/li>\n<li>place de football<\/li>\n<li>pelouse<\/li>\n<li>place de jeux avec tennis de table, barre fixe, perches<\/li>\n<li>coin grillades devant la maison<\/li>\n<\/ul>\n<p>Vous trouverez des photos des installations et places de jeux ainsi que des environs du Lac-Noir sur\u00a0<a href=\"https:\/\/hausderjugend.ch\/fr\/galerie\/\">Galerie<\/a>.<\/p>\n","protected":false},"excerpt":{"rendered":"<p>Installations int\u00e9rieures 24 chambres avec un total de 98 lits 1 grande salle 120m2 (r\u00e9fectoire) avec installation multim\u00e9dia, beamer, Wifi 1 salle de s\u00e9jour 85 m2 1 espace de pr\u00e9paration (chambre avec 10 lits et 2 tables) salle de jeux avec baby-foot bureau douches et installations sanitaires s\u00e9par\u00e9es vestiaires local de s\u00e9chage avec Secomat cuisine [&hellip;]<\/p>\n","protected":false},"author":3,"featured_media":0,"parent":0,"menu_order":0,"comment_status":"closed","ping_status":"closed","template":"elementor_header_footer","meta":{"footnotes":""},"class_list":["post-66","page","type-page","status-publish","hentry","post"],"translation":{"provider":"WPGlobus","version":"3.0.0","language":"fr","enabled_languages":["de","fr"],"languages":{"de":{"title":true,"content":true,"excerpt":false},"fr":{"title":true,"content":true,"excerpt":false}}},"_links":{"self":[{"href":"https:\/\/hausderjugend.ch\/fr\/wp-json\/wp\/v2\/pages\/66","targetHints":{"allow":["GET"]}}],"collection":[{"href":"https:\/\/hausderjugend.ch\/fr\/wp-json\/wp\/v2\/pages"}],"about":[{"href":"https:\/\/hausderjugend.ch\/fr\/wp-json\/wp\/v2\/types\/page"}],"author":[{"embeddable":true,"href":"https:\/\/hausderjugend.ch\/fr\/wp-json\/wp\/v2\/users\/3"}],"replies":[{"embeddable":true,"href":"https:\/\/hausderjugend.ch\/fr\/wp-json\/wp\/v2\/comments?post=66"}],"version-history":[{"count":89,"href":"https:\/\/hausderjugend.ch\/fr\/wp-json\/wp\/v2\/pages\/66\/revisions"}],"predecessor-version":[{"id":915,"href":"https:\/\/hausderjugend.ch\/fr\/wp-json\/wp\/v2\/pages\/66\/revisions\/915"}],"wp:attachment":[{"href":"https:\/\/hausderjugend.ch\/fr\/wp-json\/wp\/v2\/media?parent=66"}],"curies":[{"name":"wp","href":"https:\/\/api.w.org\/{rel}","templated":true}]}}